{"id":86,"date":"2022-04-19T12:29:30","date_gmt":"2022-04-19T12:29:30","guid":{"rendered":"https:\/\/xn--pschel-3ya.de\/familie\/?page_id=86"},"modified":"2022-08-07T22:13:04","modified_gmt":"2022-08-07T21:13:04","slug":"startseite","status":"publish","type":"page","link":"https:\/\/xn--pschel-3ya.de\/familie\/","title":{"rendered":"Achtung!"},"content":{"rendered":"\n<h1 class=\"wp-block-heading\">Achtung: Das ist nicht die \u201cP\u00fcschel GmbH\u201d<\/h1>\n\n\n\n<p>Hierbei handelt es sich <span style=\"text-decoration: underline;\"><strong>nicht<\/strong><\/span>, um die Webseite der Firma &#8222;<em>P\u00fcschel GmbH, Blitzschutztechnik, aus Darmstadt<\/em>\u201d.<\/p>\n\n\n\n<p>Diese finden Sie auch ihrer Webseite unter:<\/p>\n\n\n\n<p><a href=\"https:\/\/www.pueschel-blitzschutz.de\/\">www.pueschel-blitzschutz.de<\/a> oder auf <a href=\"http:\/\/www.pueschelgmbh.de\/\">www.pueschelgmbh.de<\/a><\/p>\n\n\n\n<p><span style=\"text-decoration: underline;\">Bitte pr\u00fcfen Sie ihre Emails, denn alle Emails mit Email-Adressen auf <strong>**@p\u00fcschel.de<\/strong> gehen nicht an die P\u00fcschel GmbH<\/span>, sondern landen bei mir im Papierkorb.<\/p>\n","protected":false},"excerpt":{"rendered":"<p>Achtung: Das ist nicht die \u201cP\u00fcschel GmbH\u201d Hierbei handelt es sich nicht, um die Webseite der Firma &#8222;P\u00fcschel GmbH, Blitzschutztechnik, aus Darmstadt\u201d. Diese finden Sie auch ihrer Webseite unter: www.pueschel-blitzschutz.de oder auf www.pueschelgmbh.de Bitte pr\u00fcfen Sie ihre Emails, denn alle Emails mit Email-Adressen auf **@p\u00fcschel.de gehen nicht an die P\u00fcschel GmbH, sondern landen bei mir [&hellip;]<\/p>\n","protected":false},"author":1,"featured_media":0,"parent":0,"menu_order":0,"comment_status":"closed","ping_status":"closed","template":"template-fullwidth.php","meta":{"footnotes":""},"class_list":["post-86","page","type-page","status-publish","hentry"],"_links":{"self":[{"href":"https:\/\/xn--pschel-3ya.de\/familie\/wp-json\/wp\/v2\/pages\/86","targetHints":{"allow":["GET"]}}],"collection":[{"href":"https:\/\/xn--pschel-3ya.de\/familie\/wp-json\/wp\/v2\/pages"}],"about":[{"href":"https:\/\/xn--pschel-3ya.de\/familie\/wp-json\/wp\/v2\/types\/page"}],"author":[{"embeddable":true,"href":"https:\/\/xn--pschel-3ya.de\/familie\/wp-json\/wp\/v2\/users\/1"}],"replies":[{"embeddable":true,"href":"https:\/\/xn--pschel-3ya.de\/familie\/wp-json\/wp\/v2\/comments?post=86"}],"version-history":[{"count":4,"href":"https:\/\/xn--pschel-3ya.de\/familie\/wp-json\/wp\/v2\/pages\/86\/revisions"}],"predecessor-version":[{"id":128,"href":"https:\/\/xn--pschel-3ya.de\/familie\/wp-json\/wp\/v2\/pages\/86\/revisions\/128"}],"wp:attachment":[{"href":"https:\/\/xn--pschel-3ya.de\/familie\/wp-json\/wp\/v2\/media?parent=86"}],"curies":[{"name":"wp","href":"https:\/\/api.w.org\/{rel}","templated":true}]}}